{"id":684,"date":"2025-10-03T22:42:59","date_gmt":"2025-10-04T04:42:59","guid":{"rendered":"https:\/\/bygrace.site\/cemaco\/?post_type=product&#038;p=684"},"modified":"2025-10-03T22:45:54","modified_gmt":"2025-10-04T04:45:54","slug":"certificado-de-regalo-diseno-jugueton-monto-variable","status":"publish","type":"product","link":"https:\/\/bygrace.site\/cemaco\/producto\/certificado-de-regalo-diseno-jugueton-monto-variable\/","title":{"rendered":"Certificado De Regalo Dise\u00f1o Juguet\u00f3n Monto Variable"},"content":{"rendered":"<ul class=\"cemacogt-cemaco-components-0-x-descriptionTextPDP\">\n<li>Dise\u00f1o juguet\u00f3n, ideal para ni\u00f1os.<\/li>\n<li>Desde Q50 hasta Q3000 en variantes.<\/li>\n<li>Puede ser utilizado junto a otros m\u00e9todos de pago.<\/li>\n<\/ul>\n","protected":false},"excerpt":{"rendered":"<p>Sorprende con el Certificado de Regalo Dise\u00f1o Juguet\u00f3n, la opci\u00f3n perfecta para regalar alegr\u00eda y diversi\u00f3n. Con su dise\u00f1o colorido y alegre, es ideal para consentir a los m\u00e1s peque\u00f1os y dejar que elijan lo que m\u00e1s les gusta en CEMACO o Juguet\u00f3n. Disponible en diferentes montos, este certificado f\u00edsico es pr\u00e1ctico, vers\u00e1til y f\u00e1cil de usar, convirti\u00e9ndose en un detalle que siempre ser\u00e1 bien recibido. \u00a1Haz que cada celebraci\u00f3n sea especial con un regalo que nunca falla!<\/p>\n","protected":false},"featured_media":698,"comment_status":"closed","ping_status":"closed","template":"","meta":[],"product_brand":[],"product_cat":[49],"product_tag":[],"class_list":{"0":"post-684","1":"product","2":"type-product","3":"status-publish","4":"has-post-thumbnail","6":"product_cat-tarjetas-de-regalo","8":"first","9":"instock","10":"shipping-taxable","11":"purchasable","12":"product-type-variable"},"_links":{"self":[{"href":"https:\/\/bygrace.site\/cemaco\/wp-json\/wp\/v2\/product\/684","targetHints":{"allow":["GET"]}}],"collection":[{"href":"https:\/\/bygrace.site\/cemaco\/wp-json\/wp\/v2\/product"}],"about":[{"href":"https:\/\/bygrace.site\/cemaco\/wp-json\/wp\/v2\/types\/product"}],"replies":[{"embeddable":true,"href":"https:\/\/bygrace.site\/cemaco\/wp-json\/wp\/v2\/comments?post=684"}],"wp:featuredmedia":[{"embeddable":true,"href":"https:\/\/bygrace.site\/cemaco\/wp-json\/wp\/v2\/media\/698"}],"wp:attachment":[{"href":"https:\/\/bygrace.site\/cemaco\/wp-json\/wp\/v2\/media?parent=684"}],"wp:term":[{"taxonomy":"product_brand","embeddable":true,"href":"https:\/\/bygrace.site\/cemaco\/wp-json\/wp\/v2\/product_brand?post=684"},{"taxonomy":"product_cat","embeddable":true,"href":"https:\/\/bygrace.site\/cemaco\/wp-json\/wp\/v2\/product_cat?post=684"},{"taxonomy":"product_tag","embeddable":true,"href":"https:\/\/bygrace.site\/cemaco\/wp-json\/wp\/v2\/product_tag?post=684"}],"curies":[{"name":"wp","href":"https:\/\/api.w.org\/{rel}","templated":true}]}}