{"id":669,"date":"2025-10-03T22:37:34","date_gmt":"2025-10-04T04:37:34","guid":{"rendered":"https:\/\/bygrace.site\/cemaco\/?post_type=product&#038;p=669"},"modified":"2025-10-03T22:42:16","modified_gmt":"2025-10-04T04:42:16","slug":"certificado-de-regalo-bebes-monto-variable","status":"publish","type":"product","link":"https:\/\/bygrace.site\/cemaco\/producto\/certificado-de-regalo-bebes-monto-variable\/","title":{"rendered":"Certificado De Regalo Beb\u00e9s Monto Variable"},"content":{"rendered":"<ul class=\"cemacogt-cemaco-components-0-x-descriptionTextPDP\">\n<li>Tem\u00e1tica Beb\u00e9 Juguet\u00f3n.<\/li>\n<li>Canjeable en tiendas f\u00edsicas.<\/li>\n<li>Montos desde Q50 hasta Q3000 en variantes.<\/li>\n<\/ul>\n<p>&nbsp;<\/p>\n<p>&nbsp;<\/p>\n","protected":false},"excerpt":{"rendered":"<p>Regala alegr\u00eda y libertad de elecci\u00f3n con el Certificado de Regalo Dise\u00f1o Beb\u00e9 Juguet\u00f3n, una tarjeta f\u00edsica ideal para celebrar etapas especiales. Con su encantador dise\u00f1o tem\u00e1tico y diversos montos disponibles, es la opci\u00f3n perfecta para obsequiar en baby showers, nacimientos o celebraciones familiares. Permite que los padres elijan lo que m\u00e1s desean en las tiendas Juguet\u00f3n, con la garant\u00eda de calidad y variedad. Una elecci\u00f3n pr\u00e1ctica y con encanto.<\/p>\n","protected":false},"featured_media":683,"comment_status":"closed","ping_status":"closed","template":"","meta":[],"product_brand":[],"product_cat":[49],"product_tag":[],"class_list":{"0":"post-669","1":"product","2":"type-product","3":"status-publish","4":"has-post-thumbnail","6":"product_cat-tarjetas-de-regalo","8":"first","9":"instock","10":"shipping-taxable","11":"purchasable","12":"product-type-variable"},"_links":{"self":[{"href":"https:\/\/bygrace.site\/cemaco\/wp-json\/wp\/v2\/product\/669","targetHints":{"allow":["GET"]}}],"collection":[{"href":"https:\/\/bygrace.site\/cemaco\/wp-json\/wp\/v2\/product"}],"about":[{"href":"https:\/\/bygrace.site\/cemaco\/wp-json\/wp\/v2\/types\/product"}],"replies":[{"embeddable":true,"href":"https:\/\/bygrace.site\/cemaco\/wp-json\/wp\/v2\/comments?post=669"}],"wp:featuredmedia":[{"embeddable":true,"href":"https:\/\/bygrace.site\/cemaco\/wp-json\/wp\/v2\/media\/683"}],"wp:attachment":[{"href":"https:\/\/bygrace.site\/cemaco\/wp-json\/wp\/v2\/media?parent=669"}],"wp:term":[{"taxonomy":"product_brand","embeddable":true,"href":"https:\/\/bygrace.site\/cemaco\/wp-json\/wp\/v2\/product_brand?post=669"},{"taxonomy":"product_cat","embeddable":true,"href":"https:\/\/bygrace.site\/cemaco\/wp-json\/wp\/v2\/product_cat?post=669"},{"taxonomy":"product_tag","embeddable":true,"href":"https:\/\/bygrace.site\/cemaco\/wp-json\/wp\/v2\/product_tag?post=669"}],"curies":[{"name":"wp","href":"https:\/\/api.w.org\/{rel}","templated":true}]}}