{"id":586,"date":"2025-09-27T10:31:00","date_gmt":"2025-09-27T16:31:00","guid":{"rendered":"https:\/\/bygrace.site\/cemaco\/?post_type=product&#038;p=586"},"modified":"2025-09-27T11:50:23","modified_gmt":"2025-09-27T17:50:23","slug":"certificado-de-regalo-virtual-cemaco-monto-variable","status":"publish","type":"product","link":"https:\/\/bygrace.site\/cemaco\/producto\/certificado-de-regalo-virtual-cemaco-monto-variable\/","title":{"rendered":"Certificado de Regalo Virtual Cemaco Monto Variable"},"content":{"rendered":"<ul class=\"cemacogt-cemaco-components-0-x-descriptionTextPDP\">\n<li>F\u00e1cil y r\u00e1pido de usar ideal para regalos espont\u00e1neos.<\/li>\n<li>El certificado se env\u00eda por correo electr\u00f3nico.<\/li>\n<li>Puede ser utilizado junto a otros m\u00e9todos de pago.<\/li>\n<li>Puede ser canjeado en cemaco.com y en tiendas.<\/li>\n<\/ul>\n","protected":false},"excerpt":{"rendered":"<p>Regala sorpresa y emociones con el Certificado de Regalo Virtual Cemaco de monto variable. Dise\u00f1ado para cualquier ocasi\u00f3n, este certificado flexible permite que tu persona especial pueda elegir lo que realmente desea, desde mejoras para el hogar hasta juguetes o decoraci\u00f3n. C\u00f3modamente enviado por correo electr\u00f3nico, es perfecto para un regalo de \u00faltimo minuto pero con much\u00edsimo significado. Ideal tanto para quienes buscan simplicidad como para quienes quieren dar algo especial sin complicaciones.<\/p>\n","protected":false},"featured_media":588,"comment_status":"closed","ping_status":"closed","template":"","meta":[],"product_brand":[],"product_cat":[49],"product_tag":[],"class_list":{"0":"post-586","1":"product","2":"type-product","3":"status-publish","4":"has-post-thumbnail","6":"product_cat-tarjetas-de-regalo","8":"first","9":"instock","10":"shipping-taxable","11":"purchasable","12":"product-type-variable"},"_links":{"self":[{"href":"https:\/\/bygrace.site\/cemaco\/wp-json\/wp\/v2\/product\/586","targetHints":{"allow":["GET"]}}],"collection":[{"href":"https:\/\/bygrace.site\/cemaco\/wp-json\/wp\/v2\/product"}],"about":[{"href":"https:\/\/bygrace.site\/cemaco\/wp-json\/wp\/v2\/types\/product"}],"replies":[{"embeddable":true,"href":"https:\/\/bygrace.site\/cemaco\/wp-json\/wp\/v2\/comments?post=586"}],"wp:featuredmedia":[{"embeddable":true,"href":"https:\/\/bygrace.site\/cemaco\/wp-json\/wp\/v2\/media\/588"}],"wp:attachment":[{"href":"https:\/\/bygrace.site\/cemaco\/wp-json\/wp\/v2\/media?parent=586"}],"wp:term":[{"taxonomy":"product_brand","embeddable":true,"href":"https:\/\/bygrace.site\/cemaco\/wp-json\/wp\/v2\/product_brand?post=586"},{"taxonomy":"product_cat","embeddable":true,"href":"https:\/\/bygrace.site\/cemaco\/wp-json\/wp\/v2\/product_cat?post=586"},{"taxonomy":"product_tag","embeddable":true,"href":"https:\/\/bygrace.site\/cemaco\/wp-json\/wp\/v2\/product_tag?post=586"}],"curies":[{"name":"wp","href":"https:\/\/api.w.org\/{rel}","templated":true}]}}