{"id":547,"date":"2025-09-25T22:42:16","date_gmt":"2025-09-26T04:42:16","guid":{"rendered":"https:\/\/bygrace.site\/cemaco\/?post_type=product&#038;p=547"},"modified":"2025-09-25T22:42:16","modified_gmt":"2025-09-26T04:42:16","slug":"set-de-3-sartenes","status":"publish","type":"product","link":"https:\/\/bygrace.site\/cemaco\/producto\/set-de-3-sartenes\/","title":{"rendered":"Set de 3 Sartenes"},"content":{"rendered":"<ul class=\"cemacogt-cemaco-components-0-x-descriptionTextPDP\">\n<li>Fabricados en aluminio resistente y ligero.<\/li>\n<li>Interior con recubrimiento antiadherente efecto granito azul.<\/li>\n<li>Mangos ergon\u00f3micos en color a juego, c\u00f3modos y resistentes al calor.<\/li>\n<li>Superficie que facilita una cocci\u00f3n pareja y evita que los alimentos se peguen.<\/li>\n<\/ul>\n","protected":false},"excerpt":{"rendered":"<p>Haz de tu cocina un espacio m\u00e1s pr\u00e1ctico con este set de 3 sartenes de aluminio con recubrimiento antiadherente efecto granito azul. Ideales para cocinar con menos grasa y limpiar f\u00e1cilmente, ofrecen una distribuci\u00f3n uniforme del calor para mejores resultados. Sus mangos ergon\u00f3micos brindan un agarre c\u00f3modo y seguro. Compatibles con estufas de gas, el\u00e9ctricas y vitrocer\u00e1micas, son perfectos para el uso diario.<\/p>\n","protected":false},"featured_media":557,"comment_status":"closed","ping_status":"closed","template":"","meta":[],"product_brand":[45],"product_cat":[47],"product_tag":[],"class_list":{"0":"post-547","1":"product","2":"type-product","3":"status-publish","4":"has-post-thumbnail","6":"product_brand-picca","7":"product_cat-ollas-y-mas","9":"first","10":"instock","11":"sale","12":"shipping-taxable","13":"purchasable","14":"product-type-variable"},"_links":{"self":[{"href":"https:\/\/bygrace.site\/cemaco\/wp-json\/wp\/v2\/product\/547","targetHints":{"allow":["GET"]}}],"collection":[{"href":"https:\/\/bygrace.site\/cemaco\/wp-json\/wp\/v2\/product"}],"about":[{"href":"https:\/\/bygrace.site\/cemaco\/wp-json\/wp\/v2\/types\/product"}],"replies":[{"embeddable":true,"href":"https:\/\/bygrace.site\/cemaco\/wp-json\/wp\/v2\/comments?post=547"}],"wp:featuredmedia":[{"embeddable":true,"href":"https:\/\/bygrace.site\/cemaco\/wp-json\/wp\/v2\/media\/557"}],"wp:attachment":[{"href":"https:\/\/bygrace.site\/cemaco\/wp-json\/wp\/v2\/media?parent=547"}],"wp:term":[{"taxonomy":"product_brand","embeddable":true,"href":"https:\/\/bygrace.site\/cemaco\/wp-json\/wp\/v2\/product_brand?post=547"},{"taxonomy":"product_cat","embeddable":true,"href":"https:\/\/bygrace.site\/cemaco\/wp-json\/wp\/v2\/product_cat?post=547"},{"taxonomy":"product_tag","embeddable":true,"href":"https:\/\/bygrace.site\/cemaco\/wp-json\/wp\/v2\/product_tag?post=547"}],"curies":[{"name":"wp","href":"https:\/\/api.w.org\/{rel}","templated":true}]}}