{"id":508,"date":"2025-09-20T10:33:59","date_gmt":"2025-09-20T16:33:59","guid":{"rendered":"https:\/\/bygrace.site\/cemaco\/?post_type=product&#038;p=508"},"modified":"2025-09-20T11:06:03","modified_gmt":"2025-09-20T17:06:03","slug":"set-de-edredon-camden","status":"publish","type":"product","link":"https:\/\/bygrace.site\/cemaco\/producto\/set-de-edredon-camden\/","title":{"rendered":"Set de Edredon Camden"},"content":{"rendered":"<ul class=\"cemacogt-cemaco-components-0-x-descriptionTextPDP\">\n<li>Dise\u00f1o reversible: La caracter\u00edstica m\u00e1s distintiva de un juego de edredones de color s\u00f3lido de dos caras es su reversibilidad. Por lo general, ofrece dos colores s\u00f3lidos en cada lado, lo que le permite cambiar el aspecto de su dormitorio simplemente volteando el edred\u00f3n<\/li>\n<li>Material de calidad: elija un juego de edredones hecho de 100% microfibra<\/li>\n<li>M\u00faltiples opciones de tama\u00f1o: disponible en varios tama\u00f1os<\/li>\n<li>Cuidado f\u00e1cil: f\u00e1cil de mantener,se puede lavar a m\u00e1quina<\/li>\n<li>Acolchado cosido: el edred\u00f3n tenie un acolchado cosido para mantener el relleno distribuido uniformemente y evitar que se apelmace o se mueva<\/li>\n<li>Comodidad para todas las estaciones: nuestro edredon es adecuado para todas las estaciones, que brinde calidez en invierno y transpirabilidad en verano.<\/li>\n<\/ul>\n","protected":false},"excerpt":{"rendered":"<p>Set de Edred\u00f3n Camden. Un juego de edred\u00f3n de dos caras de color s\u00f3lido es el ep\u00edtome de la elegancia discreta, dice mucho sin una palabra. Cada noche, mientras te deslizas bajo su abrazo aterciopelado, te encuentras con un tono apasionado que enciende los sentidos o una sombra relajante que acune tu alma en tranquilidad. Sus delicados tonos te envuelve en la calidez del afecto, prometiendo una noche inolvidable de sue\u00f1os compartidos. El otro lado, un tono sereno y calmante, es un suave. Es recordatorio de los momentos de tranquilidad. Este juego de edred\u00f3n es reversible, lo que le permite cambiarla atm\u00f3sfera de tu dormitorio con un simple giro. Con su tejido suave y de alta calidad y su exquisita artesan\u00eda.<\/p>\n","protected":false},"featured_media":519,"comment_status":"closed","ping_status":"closed","template":"","meta":[],"product_brand":[39],"product_cat":[32],"product_tag":[],"class_list":{"0":"post-508","1":"product","2":"type-product","3":"status-publish","4":"has-post-thumbnail","6":"product_brand-viva","7":"product_cat-ropa-de-cama","9":"first","10":"instock","11":"sale","12":"shipping-taxable","13":"purchasable","14":"product-type-variable"},"_links":{"self":[{"href":"https:\/\/bygrace.site\/cemaco\/wp-json\/wp\/v2\/product\/508","targetHints":{"allow":["GET"]}}],"collection":[{"href":"https:\/\/bygrace.site\/cemaco\/wp-json\/wp\/v2\/product"}],"about":[{"href":"https:\/\/bygrace.site\/cemaco\/wp-json\/wp\/v2\/types\/product"}],"replies":[{"embeddable":true,"href":"https:\/\/bygrace.site\/cemaco\/wp-json\/wp\/v2\/comments?post=508"}],"wp:featuredmedia":[{"embeddable":true,"href":"https:\/\/bygrace.site\/cemaco\/wp-json\/wp\/v2\/media\/519"}],"wp:attachment":[{"href":"https:\/\/bygrace.site\/cemaco\/wp-json\/wp\/v2\/media?parent=508"}],"wp:term":[{"taxonomy":"product_brand","embeddable":true,"href":"https:\/\/bygrace.site\/cemaco\/wp-json\/wp\/v2\/product_brand?post=508"},{"taxonomy":"product_cat","embeddable":true,"href":"https:\/\/bygrace.site\/cemaco\/wp-json\/wp\/v2\/product_cat?post=508"},{"taxonomy":"product_tag","embeddable":true,"href":"https:\/\/bygrace.site\/cemaco\/wp-json\/wp\/v2\/product_tag?post=508"}],"curies":[{"name":"wp","href":"https:\/\/api.w.org\/{rel}","templated":true}]}}