{"id":22,"date":"2025-08-09T11:30:03","date_gmt":"2025-08-09T17:30:03","guid":{"rendered":"https:\/\/bygrace.site\/cemaco\/?page_id=22"},"modified":"2025-09-06T02:39:02","modified_gmt":"2025-09-06T08:39:02","slug":"contacto","status":"publish","type":"page","link":"https:\/\/bygrace.site\/cemaco\/contacto\/","title":{"rendered":"Contacto"},"content":{"rendered":"\t\t<div data-elementor-type=\"wp-page\" data-elementor-id=\"22\" class=\"elementor elementor-22\" data-elementor-post-type=\"page\">\n\t\t\t\t<div class=\"elementor-element elementor-element-ec7f369 e-flex e-con-boxed wpr-particle-no wpr-jarallax-no wpr-parallax-no wpr-sticky-section-no wpr-column-slider-no wpr-equal-height-no e-con e-parent\" data-id=\"ec7f369\" data-element_type=\"container\" data-e-type=\"container\">\n\t\t\t\t\t<div class=\"e-con-inner\">\n\t\t\t\t<div class=\"elementor-element elementor-element-858572c elementor-widget elementor-widget-heading\" data-id=\"858572c\" data-element_type=\"widget\" data-e-type=\"widget\" data-widget_type=\"heading.default\">\n\t\t\t\t\t<h2 class=\"elementor-heading-title elementor-size-default\">\u00bfC\u00f3mo podemos ayudarte?<\/h2>\t\t\t\t<\/div>\n\t\t\t\t\t<\/div>\n\t\t\t\t<\/div>\n\t\t<div class=\"elementor-element elementor-element-f6f4420 e-flex e-con-boxed wpr-particle-no wpr-jarallax-no wpr-parallax-no wpr-sticky-section-no wpr-column-slider-no wpr-equal-height-no e-con e-parent\" data-id=\"f6f4420\" data-element_type=\"container\" data-e-type=\"container\">\n\t\t\t\t\t<div class=\"e-con-inner\">\n\t\t<div class=\"elementor-element elementor-element-fa940f6 e-con-full e-flex wpr-particle-no wpr-jarallax-no wpr-parallax-no wpr-sticky-section-no wpr-column-slider-no wpr-equal-height-no e-con e-child\" data-id=\"fa940f6\" data-element_type=\"container\" data-e-type=\"container\">\n\t\t\t\t<div class=\"elementor-element elementor-element-c8d3fdb elementor-widget elementor-widget-wpforms\" data-id=\"c8d3fdb\" data-element_type=\"widget\" data-e-type=\"widget\" data-widget_type=\"wpforms.default\">\n\t\t\t\t<div class=\"elementor-widget-container\">\n\t\t\t\t\t<style id=\"wpforms-css-vars-elementor-widget-c8d3fdb\">\n\t\t\t\t.elementor-widget-wpforms.elementor-element-c8d3fdb {\n\t\t\t\t--wpforms-button-background-color: #101E8D;\n--wpforms-label-color: #101E8D;\n\t\t\t}\n\t\t\t<\/style><div class=\"wpforms-container wpforms-container-full wpforms-render-modern\" id=\"wpforms-198\"><form id=\"wpforms-form-198\" class=\"wpforms-validate wpforms-form wpforms-ajax-form\" data-formid=\"198\" method=\"post\" enctype=\"multipart\/form-data\" action=\"\/cemaco\/wp-json\/wp\/v2\/pages\/22\" data-token=\"4ddfc44d369b2cec3d902384d3417a68\" data-token-time=\"1778342988\"><noscript class=\"wpforms-error-noscript\">Por favor, activa JavaScript en tu navegador para completar este formulario.<\/noscript><div id=\"wpforms-error-noscript\" style=\"display: none;\">Por favor, activa JavaScript en tu navegador para completar este formulario.<\/div><div class=\"wpforms-field-container\"><div id=\"wpforms-198-field_1-container\" class=\"wpforms-field wpforms-field-name\" data-field-id=\"1\"><fieldset><legend class=\"wpforms-field-label\">Nombre <span class=\"wpforms-required-label\" aria-hidden=\"true\">*<\/span><\/legend><div class=\"wpforms-field-row wpforms-field-large\"><div class=\"wpforms-field-row-block wpforms-first wpforms-one-half\"><input type=\"text\" id=\"wpforms-198-field_1\" class=\"wpforms-field-name-first wpforms-field-required\" name=\"wpforms[fields][1][first]\" aria-errormessage=\"wpforms-198-field_1-error\" required><label for=\"wpforms-198-field_1\" class=\"wpforms-field-sublabel after\">Nombre<\/label><\/div><div class=\"wpforms-field-row-block wpforms-one-half\"><input type=\"text\" id=\"wpforms-198-field_1-last\" class=\"wpforms-field-name-last wpforms-field-required\" name=\"wpforms[fields][1][last]\" aria-errormessage=\"wpforms-198-field_1-last-error\" required><label for=\"wpforms-198-field_1-last\" class=\"wpforms-field-sublabel after\">Apellidos<\/label><\/div><\/div><\/fieldset><\/div>\t\t<div id=\"wpforms-198-field_3-container\"\n\t\t\tclass=\"wpforms-field wpforms-field-text\"\n\t\t\tdata-field-type=\"text\"\n\t\t\tdata-field-id=\"3\"\n\t\t\t>\n\t\t\t<label class=\"wpforms-field-label\" for=\"wpforms-198-field_3\" >del Evento electr\u00f3nico<\/label>\n\t\t\t<input type=\"text\" id=\"wpforms-198-field_3\" class=\"wpforms-field-medium\" name=\"wpforms[fields][3]\" >\n\t\t<\/div>\n\t\t<div id=\"wpforms-198-field_2-container\" class=\"wpforms-field wpforms-field-email\" data-field-id=\"2\"><label class=\"wpforms-field-label\" for=\"wpforms-198-field_2\">Correo electr\u00f3nico <span class=\"wpforms-required-label\" aria-hidden=\"true\">*<\/span><\/label><input type=\"email\" id=\"wpforms-198-field_2\" class=\"wpforms-field-large wpforms-field-required\" name=\"wpforms[fields][2]\" spellcheck=\"false\" aria-errormessage=\"wpforms-198-field_2-error\" required><\/div><div id=\"wpforms-198-field_4-container\" class=\"wpforms-field wpforms-field-number\" data-field-id=\"4\"><label class=\"wpforms-field-label\" for=\"wpforms-198-field_4\">Tel\u00e9fono <span class=\"wpforms-required-label\" aria-hidden=\"true\">*<\/span><\/label><input type=\"number\" id=\"wpforms-198-field_4\" class=\"wpforms-field-large wpforms-field-required\" name=\"wpforms[fields][4]\" step=\"any\" aria-errormessage=\"wpforms-198-field_4-error\" required><\/div><div id=\"wpforms-198-field_5-container\" class=\"wpforms-field wpforms-field-select wpforms-field-select-style-classic\" data-field-id=\"5\"><label class=\"wpforms-field-label\" for=\"wpforms-198-field_5\">Tipo de Evento <span class=\"wpforms-required-label\" aria-hidden=\"true\">*<\/span><\/label><select id=\"wpforms-198-field_5\" class=\"wpforms-field-large wpforms-field-required\" name=\"wpforms[fields][5]\" required=\"required\"><option value=\"\" class=\"placeholder\" disabled  selected='selected'>-- Selecciona la opci\u00f3n --<\/option><option value=\"Bodas\"  class=\"choice-1 depth-1\"  >Bodas<\/option><option value=\"Baby Shower\"  class=\"choice-2 depth-1\"  >Baby Shower<\/option><option value=\"Cumplea\u00f1os\"  class=\"choice-3 depth-1\"  >Cumplea\u00f1os<\/option><option value=\"Celebraciones\"  class=\"choice-4 depth-1\"  >Celebraciones<\/option><\/select><\/div><div id=\"wpforms-198-field_6-container\" class=\"wpforms-field wpforms-field-radio wpforms-list-inline\" data-field-id=\"6\"><fieldset><legend class=\"wpforms-field-label\">\u00bfC\u00f3mo deseo recibir mis regalos? <span class=\"wpforms-required-label\" aria-hidden=\"true\">*<\/span><\/legend><ul id=\"wpforms-198-field_6\" class=\"wpforms-field-required wpforms-icon-choices wpforms-icon-choices-default wpforms-icon-choices-large\" style=\"--wpforms-icon-choices-color: #101e8d;\"><li class=\"choice-1 depth-1 wpforms-icon-choices-item\"><label class=\"wpforms-field-label-inline\" for=\"wpforms-198-field_6_1\">\n\t\t\t\t<span class=\"wpforms-icon-choices-icon\">\n\t\t\t\t\t<svg xmlns=\"http:\/\/www.w3.org\/2000\/svg\" width=\"80\" height=\"64\" viewBox=\"0 0 640 512\"><!--! Font Awesome Free 6.4.0 by @fontawesome - https:\/\/fontawesome.com License - https:\/\/fontawesome.com\/license\/free (Icons: CC BY 4.0, Fonts: SIL OFL 1.1, Code: MIT License) Copyright 2023 Fonticons, Inc. --><path d=\"M200.6 32C205 19.5 198.5 5.8 186 1.4S159.8 3.5 155.4 16L144.7 46.2l-9.9-29.8C130.6 3.8 117-3 104.4 1.2S85 19 89.2 31.6l8.3 25-27.4-20c-10.7-7.8-25.7-5.4-33.5 5.3s-5.4 25.7 5.3 33.5L70.2 96H48C21.5 96 0 117.5 0 144V464c0 26.5 21.5 48 48 48H200.6c-5.4-9.4-8.6-20.3-8.6-32V256c0-29.9 20.5-55 48.2-62c1.8-31 17.1-58.2 40.1-76.1C271.7 104.7 256.9 96 240 96H217.8l28.3-20.6c10.7-7.8 13.1-22.8 5.3-33.5s-22.8-13.1-33.5-5.3L192.5 55.1 200.6 32zM363.5 185.5L393.1 224H344c-13.3 0-24-10.7-24-24c0-13.1 10.8-24 24.2-24c7.6 0 14.7 3.5 19.3 9.5zM272 200c0 8.4 1.4 16.5 4.1 24H272c-26.5 0-48 21.5-48 48v80H416V256h32v96H640V272c0-26.5-21.5-48-48-48h-4.1c2.7-7.5 4.1-15.6 4.1-24c0-39.9-32.5-72-72.2-72c-22.4 0-43.6 10.4-57.3 28.2L432 195.8l-30.5-39.6c-13.7-17.8-35-28.2-57.3-28.2c-39.7 0-72.2 32.1-72.2 72zM224 464c0 26.5 21.5 48 48 48H416V384H224v80zm224 48H592c26.5 0 48-21.5 48-48V384H448V512zm96-312c0 13.3-10.7 24-24 24H470.9l29.6-38.5c4.6-5.9 11.7-9.5 19.3-9.5c13.4 0 24.2 10.9 24.2 24z\"\/><\/svg>\n\t\t\t\t\t<span class=\"wpforms-icon-choices-icon-bg\"><\/span>\n\t\t\t\t<\/span>\n\t\t\t\t<input type=\"radio\" id=\"wpforms-198-field_6_1\" class=\"wpforms-screen-reader-element\" name=\"wpforms[fields][6]\" value=\"Elegir mi lista de regalos\" aria-errormessage=\"wpforms-198-field_6_1-error\" required >\n\t\t\t\t<span class=\"wpforms-icon-choices-label\">Elegir mi lista de regalos<\/span>\n\t\t\t<\/label><\/li><li class=\"choice-2 depth-1 wpforms-icon-choices-item\"><label class=\"wpforms-field-label-inline\" for=\"wpforms-198-field_6_2\">\n\t\t\t\t<span class=\"wpforms-icon-choices-icon\">\n\t\t\t\t\t<svg xmlns=\"http:\/\/www.w3.org\/2000\/svg\" width=\"80\" height=\"64\" viewBox=\"0 0 576 512\"><!--! Font Awesome Free 6.4.0 by @fontawesome - https:\/\/fontawesome.com License - https:\/\/fontawesome.com\/license\/free (Icons: CC BY 4.0, Fonts: SIL OFL 1.1, Code: MIT License) Copyright 2023 Fonticons, Inc. --><path d=\"M512 80c8.8 0 16 7.2 16 16v32H48V96c0-8.8 7.2-16 16-16H512zm16 144V416c0 8.8-7.2 16-16 16H64c-8.8 0-16-7.2-16-16V224H528zM64 32C28.7 32 0 60.7 0 96V416c0 35.3 28.7 64 64 64H512c35.3 0 64-28.7 64-64V96c0-35.3-28.7-64-64-64H64zm56 304c-13.3 0-24 10.7-24 24s10.7 24 24 24h48c13.3 0 24-10.7 24-24s-10.7-24-24-24H120zm128 0c-13.3 0-24 10.7-24 24s10.7 24 24 24H360c13.3 0 24-10.7 24-24s-10.7-24-24-24H248z\"\/><\/svg>\n\t\t\t\t\t<span class=\"wpforms-icon-choices-icon-bg\"><\/span>\n\t\t\t\t<\/span>\n\t\t\t\t<input type=\"radio\" id=\"wpforms-198-field_6_2\" class=\"wpforms-screen-reader-element\" name=\"wpforms[fields][6]\" value=\"Recibir cr\u00e9dito en tienda\" aria-errormessage=\"wpforms-198-field_6_2-error\" required >\n\t\t\t\t<span class=\"wpforms-icon-choices-label\">Recibir cr\u00e9dito en tienda<\/span>\n\t\t\t<\/label><\/li><\/ul><\/fieldset><\/div><div id=\"wpforms-198-field_7-container\" class=\"wpforms-field wpforms-field-text\" data-field-id=\"7\"><label class=\"wpforms-field-label\" for=\"wpforms-198-field_7\">Fecha del Evento <span class=\"wpforms-required-label\" aria-hidden=\"true\">*<\/span><\/label><input type=\"text\" id=\"wpforms-198-field_7\" class=\"wpforms-field-large wpforms-field-required\" name=\"wpforms[fields][7]\" aria-errormessage=\"wpforms-198-field_7-error\" required><\/div><script>\n\t\t\t\t( function() {\n\t\t\t\t\tconst style = document.createElement( 'style' );\n\t\t\t\t\tstyle.appendChild( document.createTextNode( '#wpforms-198-field_3-container { position: absolute !important; overflow: hidden !important; display: inline !important; height: 1px !important; width: 1px !important; z-index: -1000 !important; padding: 0 !important; } #wpforms-198-field_3-container input { visibility: hidden; } #wpforms-conversational-form-page #wpforms-198-field_3-container label { counter-increment: none; }' ) );\n\t\t\t\t\tdocument.head.appendChild( style );\n\t\t\t\t\tdocument.currentScript?.remove();\n\t\t\t\t} )();\n\t\t\t<\/script><\/div><!-- .wpforms-field-container --><div class=\"wpforms-submit-container\" ><input type=\"hidden\" name=\"wpforms[id]\" value=\"198\"><input type=\"hidden\" name=\"page_title\" value=\"\"><input type=\"hidden\" name=\"page_url\" value=\"https:\/\/bygrace.site\/cemaco\/wp-json\/wp\/v2\/pages\/22\"><input type=\"hidden\" name=\"url_referer\" value=\"\"><button type=\"submit\" name=\"wpforms[submit]\" id=\"wpforms-submit-198\" class=\"wpforms-submit\" data-alt-text=\"Enviando...\" data-submit-text=\"Registrar mi evento\" aria-live=\"assertive\" value=\"wpforms-submit\">Registrar mi evento<\/button><img decoding=\"async\" src=\"https:\/\/bygrace.site\/cemaco\/wp-content\/plugins\/wpforms-lite\/assets\/images\/submit-spin.svg\" class=\"wpforms-submit-spinner\" style=\"display: none;\" width=\"26\" height=\"26\" alt=\"Cargando\"><\/div><\/form><\/div>  <!-- .wpforms-container -->\t\t\t\t<\/div>\n\t\t\t\t<\/div>\n\t\t\t\t<\/div>\n\t\t<div class=\"elementor-element elementor-element-0d8eed4 e-con-full e-flex wpr-particle-no wpr-jarallax-no wpr-parallax-no wpr-sticky-section-no wpr-column-slider-no wpr-equal-height-no e-con e-child\" data-id=\"0d8eed4\" data-element_type=\"container\" data-e-type=\"container\">\n\t\t\t\t<div class=\"elementor-element elementor-element-4bc934c elementor-widget elementor-widget-image\" data-id=\"4bc934c\" data-element_type=\"widget\" data-e-type=\"widget\" data-widget_type=\"image.default\">\n\t\t\t\t\t\t\t\t\t\t\t\t\t\t\t<img fetchpriority=\"high\" decoding=\"async\" width=\"400\" height=\"600\" src=\"https:\/\/bygrace.site\/cemaco\/wp-content\/uploads\/2025\/09\/Evento-1.jpg\" class=\"attachment-large size-large wp-image-335\" alt=\"\" srcset=\"https:\/\/bygrace.site\/cemaco\/wp-content\/uploads\/2025\/09\/Evento-1.jpg 400w, https:\/\/bygrace.site\/cemaco\/wp-content\/uploads\/2025\/09\/Evento-1-200x300.jpg 200w\" sizes=\"(max-width: 400px) 100vw, 400px\" \/>\t\t\t\t\t\t\t\t\t\t\t\t\t\t\t<\/div>\n\t\t\t\t<\/div>\n\t\t\t\t\t<\/div>\n\t\t\t\t<\/div>\n\t\t\t\t<\/div>\n\t\t","protected":false},"excerpt":{"rendered":"<p>\u00bfC\u00f3mo podemos ayudarte? Por favor, activa JavaScript en tu navegador para completar este formulario.Por favor, activa JavaScript en tu navegador para completar este formulario. Nombre * NombreApellidos Correo electr\u00f3nico *Tel\u00e9fono *Tipo de Evento *&#8212; Selecciona la opci\u00f3n &#8212;BodasBaby ShowerCumplea\u00f1osCelebraciones \u00bfC\u00f3mo deseo recibir mis regalos? * Elegir mi lista de regalos Recibir cr\u00e9dito en tienda Fecha del Evento * Registrar mi evento<\/p>\n","protected":false},"author":1,"featured_media":0,"parent":0,"menu_order":0,"comment_status":"closed","ping_status":"closed","template":"","meta":{"footnotes":""},"class_list":["post-22","page","type-page","status-publish","hentry"],"_links":{"self":[{"href":"https:\/\/bygrace.site\/cemaco\/wp-json\/wp\/v2\/pages\/22","targetHints":{"allow":["GET"]}}],"collection":[{"href":"https:\/\/bygrace.site\/cemaco\/wp-json\/wp\/v2\/pages"}],"about":[{"href":"https:\/\/bygrace.site\/cemaco\/wp-json\/wp\/v2\/types\/page"}],"author":[{"embeddable":true,"href":"https:\/\/bygrace.site\/cemaco\/wp-json\/wp\/v2\/users\/1"}],"replies":[{"embeddable":true,"href":"https:\/\/bygrace.site\/cemaco\/wp-json\/wp\/v2\/comments?post=22"}],"version-history":[{"count":7,"href":"https:\/\/bygrace.site\/cemaco\/wp-json\/wp\/v2\/pages\/22\/revisions"}],"predecessor-version":[{"id":341,"href":"https:\/\/bygrace.site\/cemaco\/wp-json\/wp\/v2\/pages\/22\/revisions\/341"}],"wp:attachment":[{"href":"https:\/\/bygrace.site\/cemaco\/wp-json\/wp\/v2\/media?parent=22"}],"curies":[{"name":"wp","href":"https:\/\/api.w.org\/{rel}","templated":true}]}}